{"id":277,"date":"2025-07-28T08:39:23","date_gmt":"2025-07-28T08:39:23","guid":{"rendered":"https:\/\/pmced.pt\/?page_id=277"},"modified":"2026-01-22T15:00:18","modified_gmt":"2026-01-22T15:00:18","slug":"contactos1","status":"publish","type":"page","link":"https:\/\/pmced.pt\/?page_id=277","title":{"rendered":"Contactos"},"content":{"rendered":"\n<div style=\"height:20px\" aria-hidden=\"true\" class=\"wp-block-spacer\"><\/div>\n\n\n\n<div class=\"wp-block-columns alignwide is-layout-flex wp-container-core-columns-is-layout-30cd009e wp-block-columns-is-layout-flex\">\n<div class=\"wp-block-column is-vertically-aligned-bottom is-layout-flow wp-block-column-is-layout-flow\">\n<figure class=\"wp-block-image size-full has-custom-border\"><img loading=\"lazy\" decoding=\"async\" width=\"1000\" height=\"1000\" src=\"https:\/\/aisb1177b351fuzzystarlight.wordpress.com\/wp-content\/uploads\/2025\/06\/pmcd_webimg3.png\" alt=\"\" class=\"wp-image-109\" style=\"border-radius:30px;aspect-ratio:1;object-fit:cover\" srcset=\"https:\/\/pmced.pt\/wp-content\/uploads\/2025\/06\/pmcd_webimg3.png 1000w, https:\/\/pmced.pt\/wp-content\/uploads\/2025\/06\/pmcd_webimg3-300x300.png 300w, https:\/\/pmced.pt\/wp-content\/uploads\/2025\/06\/pmcd_webimg3-150x150.png 150w, https:\/\/pmced.pt\/wp-content\/uploads\/2025\/06\/pmcd_webimg3-768x768.png 768w\" sizes=\"auto, (max-width: 1000px) 100vw, 1000px\" \/><\/figure>\n<\/div>\n\n\n\n<div class=\"wp-block-column is-vertically-aligned-center has-global-padding is-content-justification-left is-layout-constrained wp-container-core-column-is-layout-614074b5 wp-block-column-is-layout-constrained\">\n<h2 class=\"wp-block-heading has-text-color has-link-color has-x-large-font-size wp-elements-462818f163f4b9e4589856fa4e9f0647\" style=\"color:#de8506\"><strong>VAMOS COLABORAR ?<\/strong><\/h2>\n\n\n\n<p class=\"has-text-color has-link-color has-large-font-size wp-elements-31e606c6633d6c621303ab16902d4994\" style=\"color:#020154\">Colabore connosco para estrat\u00e9gias personalizadas que otimizam as suas opera\u00e7\u00f5es empresariais e promovem um crescimento sustent\u00e1vel.<\/p>\n<\/div>\n<\/div>\n\n\n\n<div class=\"wp-block-group alignfull is-style-section-default has-theme-3-background-color has-background has-global-padding is-content-justification-center is-layout-constrained wp-block-group-is-layout-constrained\" id=\"contact-section\" style=\"margin-top:0;margin-bottom:0;padding-top:var(--wp--preset--spacing--50);padding-bottom:var(--wp--preset--spacing--50)\">\n<hr class=\"wp-block-separator has-alpha-channel-opacity\" style=\"margin-top:var(--wp--preset--spacing--40);margin-bottom:var(--wp--preset--spacing--40)\"\/>\n\n\n\n<div class=\"wp-block-columns alignwide is-layout-flex wp-container-core-columns-is-layout-28f84493 wp-block-columns-is-layout-flex\">\n<div class=\"wp-block-column is-layout-flow wp-block-column-is-layout-flow\">\n<h2 class=\"wp-block-heading has-text-align-left has-text-color has-link-color wp-elements-178c4f070ab64e831adec81d5e8c0fa0\" style=\"color:#de8506\"><strong>Contacto R\u00e1pido:<\/strong><\/h2>\n<\/div>\n\n\n\n<div class=\"wp-block-column is-layout-flow wp-block-column-is-layout-flow\"><div class=\"wp-block-jetpack-contact-form is-style-default wp-elements-48f57eba2de0bf2040be7d2f4ad61048\"><a href=\"https:\/\/pmced.pt\/?page_id=277\" target=\"_blank\" rel=\"noopener noreferrer\">Submit a form.<\/a><\/div><\/div>\n<\/div>\n<\/div>\n\n\n\n<div style=\"height:20px\" aria-hidden=\"true\" class=\"wp-block-spacer\"><\/div>\n\n\n\n<p><\/p>\n","protected":false},"excerpt":{"rendered":"<p>VAMOS COLABORAR ? Colabore connosco para estrat\u00e9gias personalizadas que otimizam as suas opera\u00e7\u00f5es empresariais e promovem um crescimento sustent\u00e1vel. Contacto R\u00e1pido:<\/p>\n","protected":false},"author":1,"featured_media":0,"parent":0,"menu_order":0,"comment_status":"closed","ping_status":"closed","template":"","meta":{"footnotes":""},"class_list":["post-277","page","type-page","status-publish","hentry"],"jetpack_sharing_enabled":true,"_links":{"self":[{"href":"https:\/\/pmced.pt\/index.php?rest_route=\/wp\/v2\/pages\/277","targetHints":{"allow":["GET"]}}],"collection":[{"href":"https:\/\/pmced.pt\/index.php?rest_route=\/wp\/v2\/pages"}],"about":[{"href":"https:\/\/pmced.pt\/index.php?rest_route=\/wp\/v2\/types\/page"}],"author":[{"embeddable":true,"href":"https:\/\/pmced.pt\/index.php?rest_route=\/wp\/v2\/users\/1"}],"replies":[{"embeddable":true,"href":"https:\/\/pmced.pt\/index.php?rest_route=%2Fwp%2Fv2%2Fcomments&post=277"}],"version-history":[{"count":5,"href":"https:\/\/pmced.pt\/index.php?rest_route=\/wp\/v2\/pages\/277\/revisions"}],"predecessor-version":[{"id":352,"href":"https:\/\/pmced.pt\/index.php?rest_route=\/wp\/v2\/pages\/277\/revisions\/352"}],"wp:attachment":[{"href":"https:\/\/pmced.pt\/index.php?rest_route=%2Fwp%2Fv2%2Fmedia&parent=277"}],"curies":[{"name":"wp","href":"https:\/\/api.w.org\/{rel}","templated":true}]}}