{"id":282,"date":"2025-07-28T08:56:47","date_gmt":"2025-07-28T08:56:47","guid":{"rendered":"https:\/\/pmced.pt\/?page_id=282"},"modified":"2026-02-10T16:19:51","modified_gmt":"2026-02-10T16:19:51","slug":"sobre","status":"publish","type":"page","link":"https:\/\/pmced.pt\/?page_id=282","title":{"rendered":"Sobre"},"content":{"rendered":"\n<div style=\"height:20px\" aria-hidden=\"true\" class=\"wp-block-spacer\"><\/div>\n\n\n\n<div class=\"wp-block-columns alignwide is-layout-flex wp-container-core-columns-is-layout-30cd009e wp-block-columns-is-layout-flex\">\n<div class=\"wp-block-column is-vertically-aligned-bottom is-layout-flow wp-block-column-is-layout-flow\">\n<figure class=\"wp-block-image size-full has-custom-border\"><img loading=\"lazy\" decoding=\"async\" width=\"1000\" height=\"1000\" src=\"https:\/\/aisb1177b351fuzzystarlight.wordpress.com\/wp-content\/uploads\/2025\/06\/pmcd_webimg1.png\" alt=\"\" class=\"wp-image-104\" style=\"border-radius:30px;aspect-ratio:1;object-fit:cover\" srcset=\"https:\/\/pmced.pt\/wp-content\/uploads\/2025\/06\/pmcd_webimg1.png 1000w, https:\/\/pmced.pt\/wp-content\/uploads\/2025\/06\/pmcd_webimg1-300x300.png 300w, https:\/\/pmced.pt\/wp-content\/uploads\/2025\/06\/pmcd_webimg1-150x150.png 150w, https:\/\/pmced.pt\/wp-content\/uploads\/2025\/06\/pmcd_webimg1-768x768.png 768w\" sizes=\"auto, (max-width: 1000px) 100vw, 1000px\" \/><\/figure>\n<\/div>\n\n\n\n<div class=\"wp-block-column is-vertically-aligned-center has-global-padding is-content-justification-left is-layout-constrained wp-container-core-column-is-layout-614074b5 wp-block-column-is-layout-constrained\">\n<h2 class=\"wp-block-heading has-text-color has-link-color has-x-large-font-size wp-elements-c88aaa5dd6f7ffc2f6ee6412aca75190\" style=\"color:#de8506\"><strong>O NOSSO OBJETIVO<\/strong><\/h2>\n\n\n\n<p class=\"has-text-color has-link-color has-large-font-size wp-elements-e0984371de7e9e4d497a560717b605c8\" style=\"color:#020154\">A PM&amp;D nasce para transformar neg\u00f3cios, impulsionando resultados atrav\u00e9s de consultoria especializada em gest\u00e3o e estrat\u00e9gias empresariais de alto impacto.<\/p>\n<\/div>\n<\/div>\n\n\n\n<hr class=\"wp-block-separator has-alpha-channel-opacity\" style=\"margin-top:var(--wp--preset--spacing--40);margin-bottom:var(--wp--preset--spacing--40)\"\/>\n\n\n\n<div class=\"wp-block-columns alignwide is-layout-flex wp-container-core-columns-is-layout-30cd009e wp-block-columns-is-layout-flex\">\n<div class=\"wp-block-column is-vertically-aligned-bottom is-layout-flow wp-block-column-is-layout-flow\">\n<figure class=\"wp-block-image size-full has-custom-border\"><img loading=\"lazy\" decoding=\"async\" width=\"1000\" height=\"1000\" src=\"https:\/\/pmced.pt\/wp-content\/uploads\/2025\/07\/PMCD_WebVideo1.png\" alt=\"\" class=\"wp-image-283\" style=\"border-radius:30px;aspect-ratio:1;object-fit:cover\" srcset=\"https:\/\/pmced.pt\/wp-content\/uploads\/2025\/07\/PMCD_WebVideo1.png 1000w, https:\/\/pmced.pt\/wp-content\/uploads\/2025\/07\/PMCD_WebVideo1-300x300.png 300w, https:\/\/pmced.pt\/wp-content\/uploads\/2025\/07\/PMCD_WebVideo1-150x150.png 150w, https:\/\/pmced.pt\/wp-content\/uploads\/2025\/07\/PMCD_WebVideo1-768x768.png 768w\" sizes=\"auto, (max-width: 1000px) 100vw, 1000px\" \/><\/figure>\n<\/div>\n\n\n\n<div class=\"wp-block-column is-vertically-aligned-center has-global-padding is-content-justification-left is-layout-constrained wp-container-core-column-is-layout-614074b5 wp-block-column-is-layout-constrained\">\n<h2 class=\"wp-block-heading has-text-color has-link-color has-x-large-font-size wp-elements-e522051185ec06dd5e892e33792eaf91\" style=\"color:#de8506\"><strong>A NOSSA EXPERI\u00caNCIA<\/strong><\/h2>\n\n\n\n<p class=\"has-text-color has-link-color has-large-font-size wp-elements-14319898a3218c7873efba79e85c6898\" style=\"color:#020154\">A partir da Regi\u00e3o Centro de Portugal, a PM&amp;D apoia empresas com solu\u00e7\u00f5es de gest\u00e3o personalizadas, sustentadas por experi\u00eancia s\u00f3lida e resultados comprovados. Atuamos com a mesma dedica\u00e7\u00e3o a n\u00edvel nacional e internacional.<\/p>\n<\/div>\n<\/div>\n\n\n\n<div class=\"wp-block-group alignfull is-style-default has-theme-3-background-color has-background has-global-padding is-content-justification-center is-layout-constrained wp-block-group-is-layout-constrained\" style=\"margin-top:0;margin-bottom:0;padding-top:var(--wp--preset--spacing--60);padding-bottom:var(--wp--preset--spacing--60)\">\n<hr class=\"wp-block-separator has-alpha-channel-opacity\" style=\"margin-top:var(--wp--preset--spacing--40);margin-bottom:var(--wp--preset--spacing--40)\"\/>\n\n\n\n<div class=\"wp-block-columns alignwide is-layout-flex wp-container-core-columns-is-layout-08c01c1c wp-block-columns-is-layout-flex\">\n<div class=\"wp-block-column is-layout-flow wp-block-column-is-layout-flow\">\n<h3 class=\"wp-block-heading has-text-color has-link-color has-large-font-size wp-elements-8c02176928eb370492e2cf83603e8df6\" style=\"color:#de8506\"><strong>MISS\u00c3O<\/strong><\/h3>\n\n\n\n<p class=\"has-text-color has-link-color wp-elements-a8c5d9dbbc0c400b9b0636e25eb038e5\" style=\"color:#020154\">Comprometemo-nos a prestar consultoria de elevada qualidade, orientada para a cria\u00e7\u00e3o de valor e o crescimento sustent\u00e1vel dos nossos clientes, atrav\u00e9s de an\u00e1lises rigorosas, estrat\u00e9gias s\u00f3lidas e um compromisso permanente com a inova\u00e7\u00e3o e a melhoria cont\u00ednua.<\/p>\n<\/div>\n\n\n\n<div class=\"wp-block-column is-layout-flow wp-block-column-is-layout-flow\">\n<h3 class=\"wp-block-heading has-text-color has-link-color has-large-font-size wp-elements-65ef773b9ab7da30000fd0f689b36535\" style=\"color:#de8506\"><strong>VALORES<\/strong><\/h3>\n\n\n\n<p class=\"has-text-color has-link-color wp-elements-4c96db71f8ae60a9e3e1a8062aba7e62\" style=\"color:#020154\">Valorizamos a integridade, a transpar\u00eancia e a excel\u00eancia em todos os servi\u00e7os que prestamos. O nosso foco \u00e9 construir rela\u00e7\u00f5es duradouras, assentes na confian\u00e7a, e entregar solu\u00e7\u00f5es que geram impacto real e consistente para os nossos clientes.<\/p>\n<\/div>\n\n\n\n<div class=\"wp-block-column is-layout-flow wp-block-column-is-layout-flow\">\n<h3 class=\"wp-block-heading has-text-color has-link-color has-large-font-size wp-elements-6c49113be6d7ca52cc5eb70156b59ebe\" style=\"color:#de8506\"><strong>O QUE NOS DISTINGUE<\/strong><\/h3>\n\n\n\n<p class=\"has-text-color has-link-color wp-elements-6d0840c5e087c952d5281e165f077a63\" style=\"color:#020154\">Diferenciamo-nos pela aten\u00e7\u00e3o personalizada, pela forte expertise em neg\u00f3cios e gest\u00e3o e por uma equipa altamente dedicada a exceder expectativas, entregando resultados mensur\u00e1veis e sustent\u00e1veis.<\/p>\n<\/div>\n<\/div>\n<\/div>\n\n\n\n<div style=\"height:20px\" aria-hidden=\"true\" class=\"wp-block-spacer\"><\/div>\n","protected":false},"excerpt":{"rendered":"<p>O NOSSO OBJETIVO A PM&amp;D nasce para transformar neg\u00f3cios, impulsionando resultados atrav\u00e9s de consultoria especializada em gest\u00e3o e estrat\u00e9gias empresariais de alto impacto. A NOSSA EXPERI\u00caNCIA A partir da Regi\u00e3o Centro de Portugal, a PM&amp;D apoia empresas com solu\u00e7\u00f5es de gest\u00e3o personalizadas, sustentadas por experi\u00eancia s\u00f3lida e resultados comprovados. Atuamos com a mesma dedica\u00e7\u00e3o a [&hellip;]<\/p>\n","protected":false},"author":1,"featured_media":0,"parent":0,"menu_order":0,"comment_status":"closed","ping_status":"closed","template":"","meta":{"footnotes":""},"class_list":["post-282","page","type-page","status-publish","hentry"],"jetpack_sharing_enabled":true,"_links":{"self":[{"href":"https:\/\/pmced.pt\/index.php?rest_route=\/wp\/v2\/pages\/282","targetHints":{"allow":["GET"]}}],"collection":[{"href":"https:\/\/pmced.pt\/index.php?rest_route=\/wp\/v2\/pages"}],"about":[{"href":"https:\/\/pmced.pt\/index.php?rest_route=\/wp\/v2\/types\/page"}],"author":[{"embeddable":true,"href":"https:\/\/pmced.pt\/index.php?rest_route=\/wp\/v2\/users\/1"}],"replies":[{"embeddable":true,"href":"https:\/\/pmced.pt\/index.php?rest_route=%2Fwp%2Fv2%2Fcomments&post=282"}],"version-history":[{"count":10,"href":"https:\/\/pmced.pt\/index.php?rest_route=\/wp\/v2\/pages\/282\/revisions"}],"predecessor-version":[{"id":387,"href":"https:\/\/pmced.pt\/index.php?rest_route=\/wp\/v2\/pages\/282\/revisions\/387"}],"wp:attachment":[{"href":"https:\/\/pmced.pt\/index.php?rest_route=%2Fwp%2Fv2%2Fmedia&parent=282"}],"curies":[{"name":"wp","href":"https:\/\/api.w.org\/{rel}","templated":true}]}}